{"id":72,"date":"2023-11-30T22:41:10","date_gmt":"2023-11-30T21:41:10","guid":{"rendered":"https:\/\/charelec-electricien.com\/?page_id=72"},"modified":"2023-12-03T11:32:23","modified_gmt":"2023-12-03T10:32:23","slug":"mes-realisations-electriques","status":"publish","type":"page","link":"https:\/\/charelec-electricien.com\/index.php\/mes-realisations-electriques\/","title":{"rendered":"Nos r\u00e9alisations \u00e9lectriques"},"content":{"rendered":"\n<h2 class=\"wp-block-heading\">Nos r\u00e9alisations \u00e9lectriques<\/h2>\n\n\n\n<p class=\"has-medium-font-size\">Bienvenue dans la galerie de nos projets \u00e9lectriques exceptionnels ! Chez Char\u00c9lec, nous sommes fiers de notre expertise dans la conception et l&#8217;installation \u00e9lectrique. <\/p>\n\n\n\n<p class=\"has-medium-font-size\">D\u00e9couvrez ci-dessous un aper\u00e7u de nos r\u00e9alisations vari\u00e9es et de qualit\u00e9.<\/p>\n\n\n\n<blockquote class=\"wp-block-quote\">\n<p class=\"has-large-font-size\">Projets R\u00e9sidentiels<\/p>\n<cite> Maison \u00e0 Meaux<\/cite><\/blockquote>\n\n\n\n<div class=\"wp-block-media-text has-media-on-the-right is-stacked-on-mobile is-image-fill\" style=\"grid-template-columns:auto 29%\"><div class=\"wp-block-media-text__content\">\n<p class=\"has-text-align-center has-large-font-size\">Notre \u00e9quipe a chang\u00e9 l&#8217;ensemble du tableau \u00e9lectrique pour assurer une mise aux normes et une meilleure s\u00e9curit\u00e9. Chaque d\u00e9tail a \u00e9t\u00e9 soigneusement planifi\u00e9 pour r\u00e9pondre aux besoins de nos clients.<\/p>\n\n\n\n<p><\/p>\n<\/div><figure class=\"wp-block-media-text__media\" style=\"background-image:url(http:\/\/charelec-electricien.com\/wp-content\/uploads\/2023\/11\/2127720430917705390-498x1024.jpg);background-position:50% 50%\"><img loading=\"lazy\" decoding=\"async\" width=\"498\" height=\"1024\" src=\"http:\/\/charelec-electricien.com\/wp-content\/uploads\/2023\/11\/2127720430917705390-498x1024.jpg\" alt=\"\" class=\"wp-image-80 size-full\" srcset=\"https:\/\/charelec-electricien.com\/wp-content\/uploads\/2023\/11\/2127720430917705390-498x1024.jpg 498w, https:\/\/charelec-electricien.com\/wp-content\/uploads\/2023\/11\/2127720430917705390-146x300.jpg 146w, https:\/\/charelec-electricien.com\/wp-content\/uploads\/2023\/11\/2127720430917705390.jpg 525w\" sizes=\"(max-width: 498px) 100vw, 498px\" \/><\/figure><\/div>\n\n\n\n<p> <\/p>\n\n\n\n<blockquote class=\"wp-block-quote\">\n<p class=\"has-large-font-size\">Installation d&#8217;un borne de recharge<\/p>\n<cite>Maison \u00e0 Congis-Sur-Therouanne<\/cite><\/blockquote>\n\n\n\n<div class=\"wp-block-media-text is-stacked-on-mobile is-image-fill\"><figure class=\"wp-block-media-text__media\" style=\"background-image:url(https:\/\/charelec-electricien.com\/wp-content\/uploads\/2023\/12\/20231203_095248-1024x989.jpg);background-position:50% 50%\"><img loading=\"lazy\" decoding=\"async\" width=\"1024\" height=\"989\" src=\"https:\/\/charelec-electricien.com\/wp-content\/uploads\/2023\/12\/20231203_095248-1024x989.jpg\" alt=\"\" class=\"wp-image-104 size-full\" srcset=\"https:\/\/charelec-electricien.com\/wp-content\/uploads\/2023\/12\/20231203_095248-1024x989.jpg 1024w, https:\/\/charelec-electricien.com\/wp-content\/uploads\/2023\/12\/20231203_095248-300x290.jpg 300w, https:\/\/charelec-electricien.com\/wp-content\/uploads\/2023\/12\/20231203_095248-768x742.jpg 768w, https:\/\/charelec-electricien.com\/wp-content\/uploads\/2023\/12\/20231203_095248-1536x1484.jpg 1536w, https:\/\/charelec-electricien.com\/wp-content\/uploads\/2023\/12\/20231203_095248-2048x1979.jpg 2048w\" sizes=\"(max-width: 1024px) 100vw, 1024px\" \/><\/figure><div class=\"wp-block-media-text__content\">\n<p class=\"has-text-align-center has-large-font-size\"><br>Notre \u00e9quipe a rendu la recharge \u00e0 domicile plus accessible en installant une borne dans un pavillon. Les r\u00e9sidents peuvent d\u00e9sormais recharger leurs v\u00e9hicules \u00e9lectriques en toute simplicit\u00e9, contribuant ainsi \u00e0 la r\u00e9duction des \u00e9missions<\/p>\n<\/div><\/div>\n\n\n\n<div style=\"height:100px\" aria-hidden=\"true\" class=\"wp-block-spacer\"><\/div>\n\n\n\n<blockquote class=\"wp-block-quote\">\n<p class=\"has-large-font-size\">Installation de panneaux solaires<\/p>\n<cite>Congis-Sur-Therouanne<\/cite><\/blockquote>\n\n\n\n<p class=\"has-medium-font-size\">Explorez notre expertise en \u00e9nergie solaire \u00e0 travers ces projets inspirants. D\u00e9couvrez comment nos installations de panneaux photovolta\u00efques ont transform\u00e9 des espaces en sources durables d&#8217;\u00e9nergie renouvelable.<\/p>\n\n\n\n<p class=\"has-text-align-center has-large-font-size\">Description: Nous avons rendu une r\u00e9sidence autonome en installant des panneaux photovolta\u00efques sur son toit. Cette solution \u00e9nerg\u00e9tique permet \u00e0 nos clients de g\u00e9n\u00e9rer leur propre \u00e9lectricit\u00e9 tout en r\u00e9duisant leur empreinte carbone<\/p>\n\n\n\n<div class=\"wp-block-columns is-layout-flex wp-container-core-columns-layout-1 wp-block-columns-is-layout-flex\">\n<div class=\"wp-block-column is-layout-flow wp-block-column-is-layout-flow\" style=\"flex-basis:50%\">\n<div class=\"wp-block-group is-layout-constrained wp-block-group-is-layout-constrained\">\n<figure class=\"wp-block-image size-large is-resized\"><img loading=\"lazy\" decoding=\"async\" width=\"1024\" height=\"1024\" src=\"http:\/\/charelec-electricien.com\/wp-content\/uploads\/2023\/11\/6507999119040666486-1024x1024.jpg\" alt=\"\" class=\"wp-image-79\" style=\"object-fit:contain;width:568px;height:auto\" srcset=\"https:\/\/charelec-electricien.com\/wp-content\/uploads\/2023\/11\/6507999119040666486-1024x1024.jpg 1024w, https:\/\/charelec-electricien.com\/wp-content\/uploads\/2023\/11\/6507999119040666486-300x300.jpg 300w, https:\/\/charelec-electricien.com\/wp-content\/uploads\/2023\/11\/6507999119040666486-150x150.jpg 150w, https:\/\/charelec-electricien.com\/wp-content\/uploads\/2023\/11\/6507999119040666486-768x768.jpg 768w, https:\/\/charelec-electricien.com\/wp-content\/uploads\/2023\/11\/6507999119040666486.jpg 1080w\" sizes=\"(max-width: 1024px) 100vw, 1024px\" \/><\/figure>\n<\/div>\n<\/div>\n\n\n\n<div class=\"wp-block-column is-layout-flow wp-block-column-is-layout-flow\" style=\"flex-basis:50%\">\n<figure class=\"wp-block-image size-large is-resized\"><img loading=\"lazy\" decoding=\"async\" width=\"1024\" height=\"776\" src=\"http:\/\/charelec-electricien.com\/wp-content\/uploads\/2023\/11\/4642360261647864629-e1701595730436-1024x776.jpg\" alt=\"\" class=\"wp-image-78\" style=\"aspect-ratio:1;object-fit:cover;width:568px;height:auto\" srcset=\"https:\/\/charelec-electricien.com\/wp-content\/uploads\/2023\/11\/4642360261647864629-e1701595730436-1024x776.jpg 1024w, https:\/\/charelec-electricien.com\/wp-content\/uploads\/2023\/11\/4642360261647864629-e1701595730436-300x227.jpg 300w, https:\/\/charelec-electricien.com\/wp-content\/uploads\/2023\/11\/4642360261647864629-e1701595730436-768x582.jpg 768w, https:\/\/charelec-electricien.com\/wp-content\/uploads\/2023\/11\/4642360261647864629-e1701595730436.jpg 1080w\" sizes=\"(max-width: 1024px) 100vw, 1024px\" \/><\/figure>\n<\/div>\n<\/div>\n\n\n\n<div style=\"height:100px\" aria-hidden=\"true\" class=\"wp-block-spacer\"><\/div>\n\n\n\n<blockquote class=\"wp-block-quote\">\n<p class=\"has-large-font-size\">D\u00e9pannage d&#8217;Urgence<\/p>\n<cite>Germigny-L&#8217;Ev\u00eaque <\/cite><\/blockquote>\n\n\n\n<p class=\"has-medium-font-size\">D\u00e9couvrez comment notre \u00e9quipe experte a r\u00e9pondu aux besoins critiques de nos clients gr\u00e2ce \u00e0 des interventions rapides et fiables. <\/p>\n\n\n\n<p class=\"has-medium-font-size\">Intervention 1: Restauration de l&#8217;Alimentation \u00e9lectrique<\/p>\n\n\n\n<div class=\"wp-block-media-text is-stacked-on-mobile is-image-fill\" style=\"grid-template-columns:27% auto\"><figure class=\"wp-block-media-text__media\" style=\"background-image:url(http:\/\/charelec-electricien.com\/wp-content\/uploads\/2023\/12\/20231130_123009-768x1024.jpg);background-position:50% 50%\"><img loading=\"lazy\" decoding=\"async\" width=\"768\" height=\"1024\" src=\"http:\/\/charelec-electricien.com\/wp-content\/uploads\/2023\/12\/20231130_123009-768x1024.jpg\" alt=\"\" class=\"wp-image-107 size-full\" srcset=\"https:\/\/charelec-electricien.com\/wp-content\/uploads\/2023\/12\/20231130_123009-768x1024.jpg 768w, https:\/\/charelec-electricien.com\/wp-content\/uploads\/2023\/12\/20231130_123009-225x300.jpg 225w, https:\/\/charelec-electricien.com\/wp-content\/uploads\/2023\/12\/20231130_123009-1152x1536.jpg 1152w, https:\/\/charelec-electricien.com\/wp-content\/uploads\/2023\/12\/20231130_123009-1536x2048.jpg 1536w, https:\/\/charelec-electricien.com\/wp-content\/uploads\/2023\/12\/20231130_123009-scaled.jpg 1920w\" sizes=\"(max-width: 768px) 100vw, 768px\" \/><\/figure><div class=\"wp-block-media-text__content\">\n<p class=\"has-text-align-center has-large-font-size\">En r\u00e9ponse \u00e0 une panne de courant majeure, notre \u00e9quipe a \u00e9t\u00e9 d\u00e9p\u00each\u00e9e pour r\u00e9tablir l&#8217;alimentation \u00e9lectrique dans un pavillon. Notre intervention rapide a permis de minimiser les inconv\u00e9nients pour les r\u00e9sidents.<\/p>\n<\/div><\/div>\n\n\n\n<p class=\"has-medium-font-size\">Intervention 2: R\u00e9paration d&#8217;une installation pour une pompe \u00e0 chaleur (PAC)<\/p>\n\n\n\n<div class=\"wp-block-media-text has-media-on-the-right is-stacked-on-mobile is-image-fill\" style=\"grid-template-columns:auto 33%\"><div class=\"wp-block-media-text__content\">\n<p class=\"has-large-font-size\">Face \u00e0 une d\u00e9faillance inattendue dans un syst\u00e8me de pompe \u00e0 chaleur, nous sommes intervenus rapidement pour diagnostiquer et r\u00e9parer l&#8217;installation, assurant ainsi la continuit\u00e9 du chauffage pour les r\u00e9sidents.<\/p>\n<\/div><figure class=\"wp-block-media-text__media\" style=\"background-image:url(http:\/\/charelec-electricien.com\/wp-content\/uploads\/2023\/12\/20231123_155501-768x1024.jpg);background-position:50% 50%\"><img loading=\"lazy\" decoding=\"async\" width=\"768\" height=\"1024\" src=\"http:\/\/charelec-electricien.com\/wp-content\/uploads\/2023\/12\/20231123_155501-768x1024.jpg\" alt=\"\" class=\"wp-image-108 size-full\" srcset=\"https:\/\/charelec-electricien.com\/wp-content\/uploads\/2023\/12\/20231123_155501-768x1024.jpg 768w, https:\/\/charelec-electricien.com\/wp-content\/uploads\/2023\/12\/20231123_155501-225x300.jpg 225w, https:\/\/charelec-electricien.com\/wp-content\/uploads\/2023\/12\/20231123_155501-1152x1536.jpg 1152w, https:\/\/charelec-electricien.com\/wp-content\/uploads\/2023\/12\/20231123_155501-1536x2048.jpg 1536w, https:\/\/charelec-electricien.com\/wp-content\/uploads\/2023\/12\/20231123_155501-scaled.jpg 1920w\" sizes=\"(max-width: 768px) 100vw, 768px\" \/><\/figure><\/div>\n\n\n\n<p class=\"has-medium-font-size\">Chaque projet que nous entreprenons est une expression de notre engagement envers l&#8217;excellence et la satisfaction du client. Pour en savoir plus sur nos services et discuter de votre projet \u00e9lectrique, n&#8217;h\u00e9sitez pas \u00e0 nous contacter.<\/p>\n\n\n\n<div class=\"wp-block-buttons is-layout-flex wp-block-buttons-is-layout-flex\">\n<div class=\"wp-block-button\"><a class=\"wp-block-button__link wp-element-button\" href=\"tel:0636235817\">Contactez-nous <\/a><\/div>\n<\/div>\n\n\n\n<p><\/p>\n","protected":false},"excerpt":{"rendered":"<p>Nos r\u00e9alisations \u00e9lectriques Bienvenue dans la galerie de nos projets \u00e9lectriques exceptionnels ! Chez Char\u00c9lec, nous sommes fiers de notre expertise dans la conception et l&#8217;installation \u00e9lectrique. D\u00e9couvrez ci-dessous un aper\u00e7u de nos r\u00e9alisations vari\u00e9es et de qualit\u00e9. Projets R\u00e9sidentiels Maison \u00e0 Meaux Notre \u00e9quipe a chang\u00e9 l&#8217;ensemble du tableau \u00e9lectrique pour assurer une mise [&hellip;]<\/p>\n","protected":false},"author":1,"featured_media":0,"parent":0,"menu_order":0,"comment_status":"closed","ping_status":"closed","template":"","meta":{"om_disable_all_campaigns":false,"_monsterinsights_skip_tracking":false,"_monsterinsights_sitenote_active":false,"_monsterinsights_sitenote_note":"","_monsterinsights_sitenote_category":0,"footnotes":""},"blocksy_meta":[],"aioseo_notices":[],"_links":{"self":[{"href":"https:\/\/charelec-electricien.com\/index.php\/wp-json\/wp\/v2\/pages\/72"}],"collection":[{"href":"https:\/\/charelec-electricien.com\/index.php\/wp-json\/wp\/v2\/pages"}],"about":[{"href":"https:\/\/charelec-electricien.com\/index.php\/wp-json\/wp\/v2\/types\/page"}],"author":[{"embeddable":true,"href":"https:\/\/charelec-electricien.com\/index.php\/wp-json\/wp\/v2\/users\/1"}],"replies":[{"embeddable":true,"href":"https:\/\/charelec-electricien.com\/index.php\/wp-json\/wp\/v2\/comments?post=72"}],"version-history":[{"count":11,"href":"https:\/\/charelec-electricien.com\/index.php\/wp-json\/wp\/v2\/pages\/72\/revisions"}],"predecessor-version":[{"id":117,"href":"https:\/\/charelec-electricien.com\/index.php\/wp-json\/wp\/v2\/pages\/72\/revisions\/117"}],"wp:attachment":[{"href":"https:\/\/charelec-electricien.com\/index.php\/wp-json\/wp\/v2\/media?parent=72"}],"curies":[{"name":"wp","href":"https:\/\/api.w.org\/{rel}","templated":true}]}}