{"id":30,"date":"2023-11-22T16:44:41","date_gmt":"2023-11-22T15:44:41","guid":{"rendered":"https:\/\/charelec-electricien.com\/?page_id=30"},"modified":"2023-12-03T22:35:45","modified_gmt":"2023-12-03T21:35:45","slug":"a-propos","status":"publish","type":"page","link":"https:\/\/charelec-electricien.com\/","title":{"rendered":"\u00c0 propos"},"content":{"rendered":"\n<h2 class=\"wp-block-heading\">Accueil<\/h2>\n\n\n\n<h3 class=\"wp-block-heading has-palette-color-2-color has-text-color has-link-color wp-elements-dd733925b8d18d16ba398854c2192aff\">Bienvenue<\/h3>\n\n\n\n<div class=\"wp-block-media-text is-stacked-on-mobile\"><figure class=\"wp-block-media-text__media\"><img loading=\"lazy\" decoding=\"async\" width=\"640\" height=\"360\" src=\"http:\/\/charelec-electricien.com\/wp-content\/uploads\/2023\/11\/light-bulb-4297386_640.jpg\" alt=\"\" class=\"wp-image-48 size-full\" srcset=\"https:\/\/charelec-electricien.com\/wp-content\/uploads\/2023\/11\/light-bulb-4297386_640.jpg 640w, https:\/\/charelec-electricien.com\/wp-content\/uploads\/2023\/11\/light-bulb-4297386_640-300x169.jpg 300w\" sizes=\"(max-width: 640px) 100vw, 640px\" \/><\/figure><div class=\"wp-block-media-text__content\">\n<p class=\"has-text-align-left has-large-font-size\">Bienvenue sur le site d&#8217;\u00e9lectricien le plus fiable et professionnel de la ville ! La soci\u00e9t\u00e9 Char\u00c9lec a \u00e9t\u00e9 cr\u00e9\u00e9e par Guillaume CHARLEC, un \u00e9lectricien dipl\u00f4m\u00e9. Il vous propose ses services.<\/p>\n<\/div><\/div>\n\n\n\n<h3 class=\"wp-block-heading has-palette-color-8-color has-text-color has-link-color wp-elements-8ce002dab6f6d213dee965dbb86b326e\">Des services \u00e9lectriques de qualit\u00e9<\/h3>\n\n\n\n<p class=\"has-palette-color-8-color has-black-background-color has-text-color has-background has-link-color has-medium-font-size wp-elements-efbc2841094ced77d5f62ca394b0a217\">Nous sommes fiers de fournir des services \u00e9lectriques de qualit\u00e9 sup\u00e9rieure \u00e0 des prix abordables pour les r\u00e9sidents et les entreprises. Notre \u00e9quipe de professionnels est form\u00e9e pour r\u00e9soudre tous vos probl\u00e8mes \u00e9lectriques. Nous comprenons que le confort, la s\u00e9curit\u00e9 et la fonctionnalit\u00e9 de vos installations \u00e9lectriques sont des \u00e9l\u00e9ments cruciaux pour votre vie quotidienne ou votre activit\u00e9 professionnelle. C&#8217;est pourquoi nous nous engageons \u00e0 offrir un service rapide, efficace et s\u00fbr, et \u00e0 utiliser uniquement des techniques et des \u00e9quipements de pointe.<\/p>\n\n\n\n<h3 class=\"wp-block-heading has-palette-color-8-color has-text-color has-link-color wp-elements-daeec2a4821a6c1f8b9e1fe3faa38a9d\">7j\/7 24h\/24<\/h3>\n\n\n\n<p class=\"has-palette-color-8-color has-black-background-color has-text-color has-background has-link-color has-medium-font-size wp-elements-8ca5242468cd9506beb1dbd437e08b68\">Nous sommes \u00e9galement disponibles en cas d&#8217;urgence 24 heures sur 24, 7 jours sur 7, pour garantir la meilleure r\u00e9ponse possible en cas de panne ou de situation dangereuse.<\/p>\n\n\n\n<h3 class=\"wp-block-heading has-palette-color-8-color has-text-color has-link-color wp-elements-db3a4bcb84298f8a72d0a7d177fef683\">La s\u00e9curit\u00e9 avant tout<\/h3>\n\n\n\n<p class=\"has-palette-color-8-color has-black-background-color has-text-color has-background has-link-color has-medium-font-size wp-elements-06dc9577bdc2be66cf429c0d95ed1d2b\">Nous accordons la priorit\u00e9 \u00e0 la s\u00e9curit\u00e9 dans tous les aspects de notre travail. Nous adh\u00e9rons \u00e0 des directives et r\u00e9glementations strictes (NF-C-15100) pour minimiser le risque d\u2019accidents \u00e9lectriques. Cela inclut l\u2019utilisation d\u2019un \u00e9quipement appropri\u00e9, la mise en \u0153uvre de protocoles de s\u00e9curit\u00e9 et la mise aux normes des installations.<\/p>\n\n\n\n<p class=\"has-palette-color-8-color has-black-background-color has-text-color has-background has-link-color has-medium-font-size wp-elements-3bddf0a9f6046f83bfa2ff7f5d760f1c\">N&#8217;attendez plus pour nous contacter et obtenir une estimation gratuite. Nous sommes l\u00e0 pour r\u00e9pondre \u00e0 tous vos besoins \u00e9lectriques !<\/p>\n\n\n\n<div class=\"wp-block-buttons is-layout-flex wp-block-buttons-is-layout-flex\">\n<div class=\"wp-block-button\"><a class=\"wp-block-button__link wp-element-button\" href=\"tel:0636235817\">Contactez-nous<\/a><\/div>\n<\/div>\n","protected":false},"excerpt":{"rendered":"<p>Accueil Bienvenue Bienvenue sur le site d&#8217;\u00e9lectricien le plus fiable et professionnel de la ville ! La soci\u00e9t\u00e9 Char\u00c9lec a \u00e9t\u00e9 cr\u00e9\u00e9e par Guillaume CHARLEC, un \u00e9lectricien dipl\u00f4m\u00e9. Il vous propose ses services. Des services \u00e9lectriques de qualit\u00e9 Nous sommes fiers de fournir des services \u00e9lectriques de qualit\u00e9 sup\u00e9rieure \u00e0 des prix abordables pour les [&hellip;]<\/p>\n","protected":false},"author":1,"featured_media":0,"parent":0,"menu_order":0,"comment_status":"closed","ping_status":"closed","template":"","meta":{"om_disable_all_campaigns":false,"_monsterinsights_skip_tracking":false,"_monsterinsights_sitenote_active":false,"_monsterinsights_sitenote_note":"","_monsterinsights_sitenote_category":0,"footnotes":""},"blocksy_meta":[],"aioseo_notices":[],"_links":{"self":[{"href":"https:\/\/charelec-electricien.com\/index.php\/wp-json\/wp\/v2\/pages\/30"}],"collection":[{"href":"https:\/\/charelec-electricien.com\/index.php\/wp-json\/wp\/v2\/pages"}],"about":[{"href":"https:\/\/charelec-electricien.com\/index.php\/wp-json\/wp\/v2\/types\/page"}],"author":[{"embeddable":true,"href":"https:\/\/charelec-electricien.com\/index.php\/wp-json\/wp\/v2\/users\/1"}],"replies":[{"embeddable":true,"href":"https:\/\/charelec-electricien.com\/index.php\/wp-json\/wp\/v2\/comments?post=30"}],"version-history":[{"count":17,"href":"https:\/\/charelec-electricien.com\/index.php\/wp-json\/wp\/v2\/pages\/30\/revisions"}],"predecessor-version":[{"id":122,"href":"https:\/\/charelec-electricien.com\/index.php\/wp-json\/wp\/v2\/pages\/30\/revisions\/122"}],"wp:attachment":[{"href":"https:\/\/charelec-electricien.com\/index.php\/wp-json\/wp\/v2\/media?parent=30"}],"curies":[{"name":"wp","href":"https:\/\/api.w.org\/{rel}","templated":true}]}}