{"id":18,"date":"2023-11-22T15:06:58","date_gmt":"2023-11-22T14:06:58","guid":{"rendered":"https:\/\/charelec-electricien.com\/?page_id=18"},"modified":"2023-12-03T11:31:00","modified_gmt":"2023-12-03T10:31:00","slug":"mes-services","status":"publish","type":"page","link":"https:\/\/charelec-electricien.com\/index.php\/mes-services\/","title":{"rendered":"Nos services \u00e9lectriques"},"content":{"rendered":"\n<h2 class=\"wp-block-heading\">Nos services \u00e9lectriques<\/h2>\n\n\n\n<h2 class=\"wp-block-heading\">Installation et maintenance<\/h2>\n\n\n\n<div class=\"wp-block-media-text is-stacked-on-mobile is-image-fill\" style=\"grid-template-columns:20% auto\"><figure class=\"wp-block-media-text__media\" style=\"background-image:url(http:\/\/charelec-electricien.com\/wp-content\/uploads\/2023\/11\/2196214350413234548-498x1024.jpg);background-position:50% 50%\"><img loading=\"lazy\" decoding=\"async\" width=\"498\" height=\"1024\" src=\"http:\/\/charelec-electricien.com\/wp-content\/uploads\/2023\/11\/2196214350413234548-498x1024.jpg\" alt=\"\" class=\"wp-image-81 size-full\" srcset=\"https:\/\/charelec-electricien.com\/wp-content\/uploads\/2023\/11\/2196214350413234548-498x1024.jpg 498w, https:\/\/charelec-electricien.com\/wp-content\/uploads\/2023\/11\/2196214350413234548-146x300.jpg 146w, https:\/\/charelec-electricien.com\/wp-content\/uploads\/2023\/11\/2196214350413234548-768x1580.jpg 768w, https:\/\/charelec-electricien.com\/wp-content\/uploads\/2023\/11\/2196214350413234548-747x1536.jpg 747w, https:\/\/charelec-electricien.com\/wp-content\/uploads\/2023\/11\/2196214350413234548.jpg 980w\" sizes=\"(max-width: 498px) 100vw, 498px\" \/><\/figure><div class=\"wp-block-media-text__content\">\n<p class=\"has-medium-font-size\">Nous sommes experts dans l&#8217;installation de syst\u00e8mes \u00e9lectriques, qu&#8217;il s&#8217;agisse du c\u00e2blage d&#8217;une nouvelle ou d&#8217;une ancienne maison, de l&#8217;installation de machines industrielles ou de bureaux. Nous effectuons \u00e9galement des entretiens de routine pour garantir le bon fonctionnement.\u00a0<\/p>\n<\/div><\/div>\n\n\n\n<h2 class=\"wp-block-heading\">D\u00e9pannage et r\u00e9parations<\/h2>\n\n\n\n<p class=\"has-medium-font-size\">Lorsque des probl\u00e8mes \u00e9lectriques surviennent, nous utilisons nos connaissances et nos exp\u00e9rience pour identifier et r\u00e9soudre les probl\u00e8mes. Cela peut aller du simple remplacement d\u2019un fusible dans un environnement r\u00e9sidentiel \u00e0 des r\u00e9parations complexes dans une installation commerciale ou industrielle.\u00a0<\/p>\n\n\n\n<h2 class=\"wp-block-heading\">Passage \u00e0 l&#8217;\u00e9nergie renouvelable<\/h2>\n\n\n\n<p class=\"has-medium-font-size\">Nous fa\u00e7onnons un avenir durable en aidant nos clients \u00e0 effectuer la transition vers des sources d&#8217;\u00e9nergie renouvelable : Nous installons vos bornes de recharge pour vos voitures \u00e9lectriques et vos panneaux solaires. Contactez-nous pour discuter de la mani\u00e8re dont nous pouvons vous aider \u00e0 embrasser les \u00e9nergies renouvelables. Ensemble, construisons un avenir \u00e9nerg\u00e9tique plus propre et plus durable.<\/p>\n\n\n\n<div class=\"wp-block-buttons is-layout-flex wp-block-buttons-is-layout-flex\">\n<div class=\"wp-block-button\"><a class=\"wp-block-button__link wp-element-button\" href=\"tel:0636235817\">Contactez-nous<\/a><\/div>\n<\/div>\n\n\n\n<div class=\"wp-block-buttons is-layout-flex wp-block-buttons-is-layout-flex\"><\/div>\n","protected":false},"excerpt":{"rendered":"<p>Nos services \u00e9lectriques Installation et maintenance Nous sommes experts dans l&#8217;installation de syst\u00e8mes \u00e9lectriques, qu&#8217;il s&#8217;agisse du c\u00e2blage d&#8217;une nouvelle ou d&#8217;une ancienne maison, de l&#8217;installation de machines industrielles ou de bureaux. Nous effectuons \u00e9galement des entretiens de routine pour garantir le bon fonctionnement.\u00a0 D\u00e9pannage et r\u00e9parations Lorsque des probl\u00e8mes \u00e9lectriques surviennent, nous utilisons nos [&hellip;]<\/p>\n","protected":false},"author":1,"featured_media":0,"parent":0,"menu_order":0,"comment_status":"closed","ping_status":"closed","template":"","meta":{"om_disable_all_campaigns":false,"_monsterinsights_skip_tracking":false,"_monsterinsights_sitenote_active":false,"_monsterinsights_sitenote_note":"","_monsterinsights_sitenote_category":0,"footnotes":""},"blocksy_meta":[],"aioseo_notices":[],"_links":{"self":[{"href":"https:\/\/charelec-electricien.com\/index.php\/wp-json\/wp\/v2\/pages\/18"}],"collection":[{"href":"https:\/\/charelec-electricien.com\/index.php\/wp-json\/wp\/v2\/pages"}],"about":[{"href":"https:\/\/charelec-electricien.com\/index.php\/wp-json\/wp\/v2\/types\/page"}],"author":[{"embeddable":true,"href":"https:\/\/charelec-electricien.com\/index.php\/wp-json\/wp\/v2\/users\/1"}],"replies":[{"embeddable":true,"href":"https:\/\/charelec-electricien.com\/index.php\/wp-json\/wp\/v2\/comments?post=18"}],"version-history":[{"count":13,"href":"https:\/\/charelec-electricien.com\/index.php\/wp-json\/wp\/v2\/pages\/18\/revisions"}],"predecessor-version":[{"id":116,"href":"https:\/\/charelec-electricien.com\/index.php\/wp-json\/wp\/v2\/pages\/18\/revisions\/116"}],"wp:attachment":[{"href":"https:\/\/charelec-electricien.com\/index.php\/wp-json\/wp\/v2\/media?parent=18"}],"curies":[{"name":"wp","href":"https:\/\/api.w.org\/{rel}","templated":true}]}}